{"id":86,"date":"2024-08-16T16:24:52","date_gmt":"2024-08-16T21:24:52","guid":{"rendered":"https:\/\/caritofajardoperez.com\/?page_id=86"},"modified":"2024-08-16T18:38:04","modified_gmt":"2024-08-16T23:38:04","slug":"nuestra-historia","status":"publish","type":"page","link":"https:\/\/caritofajardoperez.com\/en\/","title":{"rendered":"Our History"},"content":{"rendered":"<figure class=\"wp-block-image alignwide size-large is-style-rounded\"><img loading=\"lazy\" decoding=\"async\" width=\"1024\" height=\"768\" src=\"https:\/\/caritofajardoperez.com\/wp\/wp-content\/uploads\/2024\/08\/MiPequenaLulu_Image-1024x768.jpeg\" alt=\"Foto de la fundadora Carito Fajardo y la inspiraci\u00f3n original Lulu\" class=\"wp-image-80\" srcset=\"https:\/\/caritofajardoperez.com\/wp\/wp-content\/uploads\/2024\/08\/MiPequenaLulu_Image-1024x768.jpeg 1024w, https:\/\/caritofajardoperez.com\/wp\/wp-content\/uploads\/2024\/08\/MiPequenaLulu_Image-300x225.jpeg 300w, https:\/\/caritofajardoperez.com\/wp\/wp-content\/uploads\/2024\/08\/MiPequenaLulu_Image-768x576.jpeg 768w, https:\/\/caritofajardoperez.com\/wp\/wp-content\/uploads\/2024\/08\/MiPequenaLulu_Image-600x450.jpeg 600w, https:\/\/caritofajardoperez.com\/wp\/wp-content\/uploads\/2024\/08\/MiPequenaLulu_Image.jpeg 1280w\" sizes=\"auto, (max-width: 1024px) 100vw, 1024px\" \/><\/figure><div style=\"height:17px\" aria-hidden=\"true\" class=\"wp-block-spacer\"><\/div><p class=\"has-black-color has-text-color has-link-color wp-elements-dd7bcbe914263f5b4792294ba278d742\" style=\"font-size:20px\">Hi! I'm Carolina Fajardo, MBA, entrepreneur and a passionate for crafts and art, since I was a child I dreamed with making a living from what I love to do, and turn my passion into a true profession.<\/p><figure class=\"wp-block-image alignwide size-full is-style-rounded\"><img loading=\"lazy\" decoding=\"async\" width=\"720\" height=\"486\" src=\"https:\/\/caritofajardoperez.com\/wp\/wp-content\/uploads\/2024\/08\/FB_IMG_1587489765597.jpg\" alt=\"Figuras decorativas en fora de gatos llenos de color y vida.\" class=\"wp-image-81\" srcset=\"https:\/\/caritofajardoperez.com\/wp\/wp-content\/uploads\/2024\/08\/FB_IMG_1587489765597.jpg 720w, https:\/\/caritofajardoperez.com\/wp\/wp-content\/uploads\/2024\/08\/FB_IMG_1587489765597-300x203.jpg 300w, https:\/\/caritofajardoperez.com\/wp\/wp-content\/uploads\/2024\/08\/FB_IMG_1587489765597-600x405.jpg 600w\" sizes=\"auto, (max-width: 720px) 100vw, 720px\" \/><\/figure><p class=\"has-text-align-left has-black-color has-text-color has-link-color wp-elements-bc40b73768d5c3f78dbed7688afd39ff\" style=\"font-size:20px\">Country art crossed in my path a little over 20 years ago, and it's been 9 since it evolved into my life long project. After 19 years working on the private sector I decided to become independent and work full-time on <mark style=\"background-color:rgba(0, 0, 0, 0)\" class=\"has-inline-color has-orange-color\"><em>Artesan\u00edas Mi Peque\u00f1a Lul\u00fa<\/em><\/mark>, that was my first business name and was born in honor to my pet, a little kitty called Lul\u00fa<\/p><div class=\"wp-block-image is-style-rounded\"><figure class=\"aligncenter size-large\"><img loading=\"lazy\" decoding=\"async\" width=\"768\" height=\"1024\" src=\"https:\/\/caritofajardoperez.com\/wp\/wp-content\/uploads\/2024\/08\/WhatsApp-Image-2024-08-16-at-3.54.31-PM-768x1024.jpeg\" alt=\"Porta-celular en forma de un tierno gato de ojos cerrados\" class=\"wp-image-82\" srcset=\"https:\/\/caritofajardoperez.com\/wp\/wp-content\/uploads\/2024\/08\/WhatsApp-Image-2024-08-16-at-3.54.31-PM-768x1024.jpeg 768w, https:\/\/caritofajardoperez.com\/wp\/wp-content\/uploads\/2024\/08\/WhatsApp-Image-2024-08-16-at-3.54.31-PM-225x300.jpeg 225w, https:\/\/caritofajardoperez.com\/wp\/wp-content\/uploads\/2024\/08\/WhatsApp-Image-2024-08-16-at-3.54.31-PM-600x800.jpeg 600w, https:\/\/caritofajardoperez.com\/wp\/wp-content\/uploads\/2024\/08\/WhatsApp-Image-2024-08-16-at-3.54.31-PM.jpeg 780w\" sizes=\"auto, (max-width: 768px) 100vw, 768px\" \/><\/figure><\/div><p class=\"has-black-color has-text-color has-link-color wp-elements-eb09694cc868a62c1a61a0900b006177\" style=\"font-size:20px\">Artesan\u00edas Mi Peque\u00f1a Lul\u00fa evolved from a little workshop that offers decorative and useful pieces completely handmade; to Carito Fajardo Perez, who is an ally to provide crafts materials (Raw projects, brushes,  specialized acrylic paints, stencils and paper napkins), online or on-site courses, craft oriented video editing, social network design and creation consulting for your own business, and as always, decorative but useful handmade pieces, with beautiful details, clean finishes, high quality materials, and the most important, every piece has a piece of my heart and dedication in it. <\/p><p class=\"has-black-color has-text-color has-link-color wp-elements-83481c0e8820005f87107629d65bb9da\" style=\"font-size:21px\"><strong>Thanks for visiting my website, I feel grateful and honored to share with you my passion for country art.<\/strong><\/p><figure class=\"wp-block-image alignwide size-large is-style-rounded\"><img loading=\"lazy\" decoding=\"async\" width=\"1024\" height=\"586\" src=\"https:\/\/caritofajardoperez.com\/wp\/wp-content\/uploads\/2024\/08\/WhatsApp-Image-2024-08-16-at-3.55.24-PM-1024x586.jpeg\" alt=\"Mu\u00f1ecas de ceramica pintadas en tonos alegres y vivos\" class=\"wp-image-83\" srcset=\"https:\/\/caritofajardoperez.com\/wp\/wp-content\/uploads\/2024\/08\/WhatsApp-Image-2024-08-16-at-3.55.24-PM-1024x586.jpeg 1024w, https:\/\/caritofajardoperez.com\/wp\/wp-content\/uploads\/2024\/08\/WhatsApp-Image-2024-08-16-at-3.55.24-PM-300x172.jpeg 300w, https:\/\/caritofajardoperez.com\/wp\/wp-content\/uploads\/2024\/08\/WhatsApp-Image-2024-08-16-at-3.55.24-PM-768x439.jpeg 768w, https:\/\/caritofajardoperez.com\/wp\/wp-content\/uploads\/2024\/08\/WhatsApp-Image-2024-08-16-at-3.55.24-PM-600x343.jpeg 600w, https:\/\/caritofajardoperez.com\/wp\/wp-content\/uploads\/2024\/08\/WhatsApp-Image-2024-08-16-at-3.55.24-PM.jpeg 1040w\" sizes=\"auto, (max-width: 1024px) 100vw, 1024px\" \/><\/figure>","protected":false},"excerpt":{"rendered":"<p>Hola! Soy Carolina Fajardo, Administradora de empresas, emprendedora y apasionada por las manualidades, desde que [&hellip;]<\/p>","protected":false},"author":1,"featured_media":113,"parent":0,"menu_order":0,"comment_status":"closed","ping_status":"closed","template":"","meta":{"_siteseo_robots_primary_cat":"","footnotes":""},"class_list":["post-86","page","type-page","status-publish","has-post-thumbnail","hentry"],"_links":{"self":[{"href":"https:\/\/caritofajardoperez.com\/en\/wp-json\/wp\/v2\/pages\/86","targetHints":{"allow":["GET"]}}],"collection":[{"href":"https:\/\/caritofajardoperez.com\/en\/wp-json\/wp\/v2\/pages"}],"about":[{"href":"https:\/\/caritofajardoperez.com\/en\/wp-json\/wp\/v2\/types\/page"}],"author":[{"embeddable":true,"href":"https:\/\/caritofajardoperez.com\/en\/wp-json\/wp\/v2\/users\/1"}],"replies":[{"embeddable":true,"href":"https:\/\/caritofajardoperez.com\/en\/wp-json\/wp\/v2\/comments?post=86"}],"version-history":[{"count":3,"href":"https:\/\/caritofajardoperez.com\/en\/wp-json\/wp\/v2\/pages\/86\/revisions"}],"predecessor-version":[{"id":91,"href":"https:\/\/caritofajardoperez.com\/en\/wp-json\/wp\/v2\/pages\/86\/revisions\/91"}],"wp:featuredmedia":[{"embeddable":true,"href":"https:\/\/caritofajardoperez.com\/en\/wp-json\/wp\/v2\/media\/113"}],"wp:attachment":[{"href":"https:\/\/caritofajardoperez.com\/en\/wp-json\/wp\/v2\/media?parent=86"}],"curies":[{"name":"wp","href":"https:\/\/api.w.org\/{rel}","templated":true}]}}