{"id":210,"date":"2024-09-05T22:05:24","date_gmt":"2024-09-06T03:05:24","guid":{"rendered":"https:\/\/caritofajardoperez.com\/?post_type=product&#038;p=210"},"modified":"2025-12-26T14:34:11","modified_gmt":"2025-12-26T19:34:11","slug":"corazon-country","status":"publish","type":"product","link":"https:\/\/caritofajardoperez.com\/es_es\/product\/corazon-country\/","title":{"rendered":"Coraz\u00f3n country"},"content":{"rendered":"<h4><img loading=\"lazy\" decoding=\"async\" class=\"alignnone size-medium wp-image-211\" src=\"https:\/\/caritofajardoperez.com\/wp\/wp-content\/uploads\/2024\/09\/CORAZON_COUNTRY-300x300.jpg\" alt=\"\" width=\"300\" height=\"300\" srcset=\"https:\/\/caritofajardoperez.com\/wp\/wp-content\/uploads\/2024\/09\/CORAZON_COUNTRY-300x300.jpg 300w, https:\/\/caritofajardoperez.com\/wp\/wp-content\/uploads\/2024\/09\/CORAZON_COUNTRY-1024x1024.jpg 1024w, https:\/\/caritofajardoperez.com\/wp\/wp-content\/uploads\/2024\/09\/CORAZON_COUNTRY-150x150.jpg 150w, https:\/\/caritofajardoperez.com\/wp\/wp-content\/uploads\/2024\/09\/CORAZON_COUNTRY-768x768.jpg 768w, https:\/\/caritofajardoperez.com\/wp\/wp-content\/uploads\/2024\/09\/CORAZON_COUNTRY-1536x1536.jpg 1536w, https:\/\/caritofajardoperez.com\/wp\/wp-content\/uploads\/2024\/09\/CORAZON_COUNTRY-600x600.jpg 600w, https:\/\/caritofajardoperez.com\/wp\/wp-content\/uploads\/2024\/09\/CORAZON_COUNTRY-100x100.jpg 100w, https:\/\/caritofajardoperez.com\/wp\/wp-content\/uploads\/2024\/09\/CORAZON_COUNTRY.jpg 1599w\" sizes=\"auto, (max-width: 300px) 100vw, 300px\" \/><\/h4>\n<h4><span style=\"vertical-align: inherit;\"><span style=\"vertical-align: inherit;\"><span style=\"vertical-align: inherit;\"><span style=\"vertical-align: inherit;\"><span style=\"vertical-align: inherit;\"><span style=\"vertical-align: inherit;\"><span style=\"vertical-align: inherit;\"><span style=\"vertical-align: inherit;\">Lindo bienvenido para la \u00e9poca m\u00e1s rom\u00e1ntica del a\u00f1o Amor y Amistad.<\/span><\/span><\/span><\/span><\/span><\/span><\/span><\/span><\/h4>\n<h3><span style=\"vertical-align: inherit;\"><span style=\"vertical-align: inherit;\"><span style=\"vertical-align: inherit;\"><span style=\"vertical-align: inherit;\"><span style=\"vertical-align: inherit;\"><span style=\"vertical-align: inherit;\"><span style=\"vertical-align: inherit;\"><span style=\"vertical-align: inherit;\">Contiene:<\/span><\/span><\/span><\/span><\/span><\/span><\/span><\/span><\/h3>\n<ul>\n<li><span style=\"vertical-align: inherit;\"><span style=\"vertical-align: inherit;\"><span style=\"vertical-align: inherit;\"><span style=\"vertical-align: inherit;\"><span style=\"vertical-align: inherit;\"><span style=\"vertical-align: inherit;\"><span style=\"vertical-align: inherit;\"><span style=\"vertical-align: inherit;\">Coraz\u00f3n tres piezas en MDF de 5.5mm<\/span><\/span><\/span><\/span><\/span><\/span><\/span><\/span><\/li>\n<li><span style=\"vertical-align: inherit;\"><span style=\"vertical-align: inherit;\"><span style=\"vertical-align: inherit;\"><span style=\"vertical-align: inherit;\"><span style=\"vertical-align: inherit;\"><span style=\"vertical-align: inherit;\"><span style=\"vertical-align: inherit;\"><span style=\"vertical-align: inherit;\">Palabras en 3mm<\/span><\/span><\/span><\/span><\/span><\/span><\/span><\/span><\/li>\n<\/ul>\n<p>&nbsp;<\/p>\n","protected":false},"excerpt":{"rendered":"<p>&nbsp;<\/p>\n<h4><span style=\"vertical-align: inherit;\"><span style=\"vertical-align: inherit;\"><span style=\"vertical-align: inherit;\"><span style=\"vertical-align: inherit;\"><span style=\"vertical-align: inherit;\"><span style=\"vertical-align: inherit;\"><span style=\"vertical-align: inherit;\"><span style=\"vertical-align: inherit;\">Lindo bienvenido para la \u00e9poca m\u00e1s rom\u00e1ntica del a\u00f1o Amor y Amistad.<\/span><\/span><\/span><\/span><\/span><\/span><\/span><\/span><\/h4>\n","protected":false},"featured_media":211,"template":"","meta":{"_siteseo_robots_primary_cat":"27"},"product_brand":[],"product_cat":[27],"product_tag":[61,33,30],"class_list":{"0":"post-210","1":"product","2":"type-product","3":"status-publish","4":"has-post-thumbnail","6":"product_cat-proyectos","7":"product_tag-bienvenido","8":"product_tag-decorativo","9":"product_tag-proyecto","10":"pa_third_party-proyectos-de-la-comunidad-de-la-pintura-country-de-monica-rosales-rojas","12":"first","13":"onbackorder","14":"taxable","15":"shipping-taxable","16":"purchasable","17":"product-type-variable"},"_links":{"self":[{"href":"https:\/\/caritofajardoperez.com\/es_es\/wp-json\/wp\/v2\/product\/210","targetHints":{"allow":["GET"]}}],"collection":[{"href":"https:\/\/caritofajardoperez.com\/es_es\/wp-json\/wp\/v2\/product"}],"about":[{"href":"https:\/\/caritofajardoperez.com\/es_es\/wp-json\/wp\/v2\/types\/product"}],"wp:featuredmedia":[{"embeddable":true,"href":"https:\/\/caritofajardoperez.com\/es_es\/wp-json\/wp\/v2\/media\/211"}],"wp:attachment":[{"href":"https:\/\/caritofajardoperez.com\/es_es\/wp-json\/wp\/v2\/media?parent=210"}],"wp:term":[{"taxonomy":"product_brand","embeddable":true,"href":"https:\/\/caritofajardoperez.com\/es_es\/wp-json\/wp\/v2\/product_brand?post=210"},{"taxonomy":"product_cat","embeddable":true,"href":"https:\/\/caritofajardoperez.com\/es_es\/wp-json\/wp\/v2\/product_cat?post=210"},{"taxonomy":"product_tag","embeddable":true,"href":"https:\/\/caritofajardoperez.com\/es_es\/wp-json\/wp\/v2\/product_tag?post=210"}],"curies":[{"name":"wp","href":"https:\/\/api.w.org\/{rel}","templated":true}]}}